{"id":221,"date":"2017-05-10T17:47:22","date_gmt":"2017-05-10T15:47:22","guid":{"rendered":"http:\/\/www.kreische-metallbau.at\/start\/?page_id=221"},"modified":"2019-08-13T15:22:32","modified_gmt":"2019-08-13T13:22:32","slug":"kontakt","status":"publish","type":"page","link":"https:\/\/www.kreische-metallbau.at\/start\/kontakt\/","title":{"rendered":"Kontakt"},"content":{"rendered":"\n<style type=\"text\/css\" data-created_by=\"avia_inline_auto\" id=\"style-css-av-jxjyl-ccc89b4c830224dbb1c27737cbc6be63\">\n.flex_column.av-jxjyl-ccc89b4c830224dbb1c27737cbc6be63{\nborder-radius:0px 0px 0px 0px;\npadding:0px 0px 0px 0px;\n}\n<\/style>\n<div  class='flex_column av-jxjyl-ccc89b4c830224dbb1c27737cbc6be63 av_four_fifth  avia-builder-el-0  el_before_av_hr  avia-builder-el-first  first flex_column_div av-zero-column-padding  '     ><section  class='av_textblock_section av-f0d3p-67bf82cb9d1ecd8f16e1fb85f7eab658 '   itemscope=\"itemscope\" itemtype=\"https:\/\/schema.org\/CreativeWork\" ><div class='avia_textblock'  itemprop=\"text\" ><h1 style=\"text-align: right;\">Kontakt<\/h1>\n<h5>Kreische Metallbau GmbH &amp; Co KG<\/h5>\n<p>Pucheggerstrasse 8<br \/>\n4844 Regau<br \/>\nTelefon: 07672 24207<br \/>\nFax: 07672 24207 &#8211; 44<br \/>\n<strong><a href=\"mailto:office@kreische-metallbau.at\">office@kreische-metallbau.at<\/a><\/strong><br \/>\nwww.kreische-metallbau.at<\/p>\n<p><strong>Impressum:<br \/>\n<\/strong>Gesch\u00e4ftsf\u00fchrer Konrad Kreische<br \/>\nATU 24665404<br \/>\nFB Nr. 27313t HG Wels<strong><br \/>\n<\/strong><\/p>\n<p><strong>Gesch\u00e4ftszeiten:<\/strong><br \/>\nMo &#8211; Do:\u00a0\u00a0 \u00a06.45 &#8211; 12.00 u. 13.00 &#8211; 16.15 Uhr<br \/>\nFr :\u00a0\u00a0 \u00a06.45 &#8211; 12.30 Uhr<\/p>\n<hr \/>\n<p style=\"text-align: center;\"><img loading=\"lazy\" decoding=\"async\" class=\"alignnone size-entry_without_sidebar wp-image-315\" src=\"https:\/\/www.kreische-metallbau.at\/start\/wp-content\/uploads\/2019\/08\/Mitarbeiter_100px-1000x423.jpg\" alt=\"\" width=\"1000\" height=\"423\" \/>Unser gut ausgebildetes, flexibles Team<br \/>\nVon links nach rechts: Daniel Kreische, Daniel Eichert, Romeo Vancea und Teo Metac<\/p>\n<hr \/>\n<p>Konzept, Gestaltung und Erstellung der Webseite &#8211; <strong><a href=\"https:\/\/www.thomashuber.cc\/start\/\" target=\"_blank\" rel=\"noopener noreferrer\">thomashuber.cc<\/a><\/strong><br \/>\nGro\u00dfteil der Fotos mit freundlicher Genehmigung von <strong><a href=\"https:\/\/www.architektur-arkade.at\/\" target=\"_blank\" rel=\"noopener noreferrer\">Architekturb\u00fcro Arkade<\/a><\/strong> zur Verf\u00fcgung gestellt.<br \/>\n<b><br \/>\n<\/b><\/p>\n<hr \/>\n<p><strong>Datenschutzerkl\u00e4rung<\/strong><\/p>\n<p>Sehr geehrter Gesch\u00e4ftspartner,<\/p>\n<p>die am 25. Mai 2018 in Kraft tretende EU-Datenschutzverordnung (DSGVO) verpflichtet uns, Sie dar\u00fcber in Kenntnis zu setzen, dass in unserem Haus Daten \u00fcber Ihr Unternehmen (\u00fcber Sie als Gesch\u00e4ftspartner) gespeichert und vorgehalten werden.<\/p>\n<p>Dies betrifft vornehmlich unternehmensspezifische Daten wie Anschriften, Telefonnummern, Ansprechpartner, Steuernummern, artikelspezifische Daten sowie die Daten \u00fcber unseren Gesch\u00e4ftsprozess (Angebote, Bestellungen, Lieferscheine, Rechnungen, etc), welche im Zuge der ordnungsgem\u00e4\u00dfen Gesch\u00e4ftsabwicklung von Notwendigkeit sind.<\/p>\n<p>Wir informieren Sie, dass diese Daten in unserem Haus einzig dem Zweck der ordnungsgem\u00e4\u00dfen Abwicklung unserer Gesch\u00e4ftsbeziehung dienen und ausschlie\u00dflich hierf\u00fcr verwendet werden. Die Daten werden weder f\u00fcr andere Zwecke verwendet, noch anderen zum Zwecke anderer Verwendung zug\u00e4nglich gemacht. Die Daten sind bei und vor fremdem und unbefugtem Zugriff gesch\u00fctzt.<\/p>\n<p>Wir weisen darauf hin, dass wir auch zuk\u00fcnftige entsprechende Daten wie oben beschrieben, weiterhin speichern werden, da diese zur Gesch\u00e4ftsabwicklung unumg\u00e4nglich sind.<\/p>\n<p>Sollten Sie damit nicht einverstanden sein, so melden Sie uns Ihre Bedenken bitte per Email an:<br \/>\n<a href=\"mailto:office@kreische-metallbau.at\" target=\"_blank\" rel=\"noopener noreferrer\">office@kreische-metallbau.at<\/a><\/p>\n<p>Aus Gr\u00fcnden einer l\u00fcckenlosen und z\u00fcgigen Bearbeitung k\u00f6nnen wir nur schriftliche Einw\u00e4nde an das oben genannte Email-Konto bearbeiten.<\/p>\n<p>Vielen Dank f\u00fcr Ihr Verst\u00e4ndnis!<\/p>\n<\/div><\/section><\/div>\n<style type=\"text\/css\" data-created_by=\"avia_inline_auto\" id=\"style-css-av-9obit-b3e92b3ed6fcbfc4dc84371c848e9dda\">\n#top .hr.hr-invisible.av-9obit-b3e92b3ed6fcbfc4dc84371c848e9dda{\nheight:50px;\n}\n<\/style>\n<div  class='hr av-9obit-b3e92b3ed6fcbfc4dc84371c848e9dda hr-invisible  avia-builder-el-2  el_after_av_four_fifth  avia-builder-el-last '><span class='hr-inner '><span class=\"hr-inner-style\"><\/span><\/span><\/div><\/p>\n","protected":false},"excerpt":{"rendered":"","protected":false},"author":1,"featured_media":0,"parent":0,"menu_order":0,"comment_status":"closed","ping_status":"closed","template":"","meta":{"footnotes":""},"class_list":["post-221","page","type-page","status-publish","hentry"],"_links":{"self":[{"href":"https:\/\/www.kreische-metallbau.at\/start\/wp-json\/wp\/v2\/pages\/221","targetHints":{"allow":["GET"]}}],"collection":[{"href":"https:\/\/www.kreische-metallbau.at\/start\/wp-json\/wp\/v2\/pages"}],"about":[{"href":"https:\/\/www.kreische-metallbau.at\/start\/wp-json\/wp\/v2\/types\/page"}],"author":[{"embeddable":true,"href":"https:\/\/www.kreische-metallbau.at\/start\/wp-json\/wp\/v2\/users\/1"}],"replies":[{"embeddable":true,"href":"https:\/\/www.kreische-metallbau.at\/start\/wp-json\/wp\/v2\/comments?post=221"}],"version-history":[{"count":28,"href":"https:\/\/www.kreische-metallbau.at\/start\/wp-json\/wp\/v2\/pages\/221\/revisions"}],"predecessor-version":[{"id":317,"href":"https:\/\/www.kreische-metallbau.at\/start\/wp-json\/wp\/v2\/pages\/221\/revisions\/317"}],"wp:attachment":[{"href":"https:\/\/www.kreische-metallbau.at\/start\/wp-json\/wp\/v2\/media?parent=221"}],"curies":[{"name":"wp","href":"https:\/\/api.w.org\/{rel}","templated":true}]}}