{"id":16,"date":"2017-05-10T14:27:06","date_gmt":"2017-05-10T12:27:06","guid":{"rendered":"http:\/\/www.kreische-metallbau.at\/start\/?page_id=16"},"modified":"2024-06-24T13:27:32","modified_gmt":"2024-06-24T11:27:32","slug":"start","status":"publish","type":"page","link":"https:\/\/www.kreische-metallbau.at\/start\/","title":{"rendered":"Start"},"content":{"rendered":"<div id='full_slider_1'  class='avia-fullwidth-slider main_color avia-shadow   avia-builder-el-0  el_before_av_one_half  avia-builder-el-first   container_wrap sidebar_right'  ><div  class='avia-slideshow av-d0dtg-b46483c20e2f665ee3bf7f16a6a1f111 avia-slideshow-featured av_slideshow_full avia-fade-slider av-slideshow-ui av-control-default av-slideshow-autoplay av-loop-endless av-loop-manual-endless av-default-height-applied   avia-slideshow-1' data-slideshow-options=\"{&quot;animation&quot;:&quot;fade&quot;,&quot;autoplay&quot;:true,&quot;loop_autoplay&quot;:&quot;endless&quot;,&quot;interval&quot;:8,&quot;loop_manual&quot;:&quot;manual-endless&quot;,&quot;autoplay_stopper&quot;:false,&quot;noNavigation&quot;:false,&quot;bg_slider&quot;:false,&quot;keep_padding&quot;:false,&quot;hoverpause&quot;:false,&quot;show_slide_delay&quot;:0}\"  itemprop=\"image\" itemscope=\"itemscope\" itemtype=\"https:\/\/schema.org\/ImageObject\" ><ul class='avia-slideshow-inner ' style='padding-bottom: 28.666666666667%;'><li  class='avia-slideshow-slide av-d0dtg-b46483c20e2f665ee3bf7f16a6a1f111__0  slide-1 slide-odd'><div data-rel='slideshow-1' class='avia-slide-wrap '   ><img fetchpriority=\"high\" class=\"wp-image-320 avia-img-lazy-loading-not-320\"  src='https:\/\/www.kreische-metallbau.at\/start\/wp-content\/uploads\/2020\/04\/Banner-1500x1500px-1500x430.jpg' width='1500' height='430' title='Banner 1500x1500px.indd' alt=''  itemprop=\"thumbnailUrl\"   \/><\/div><\/li><li  class='avia-slideshow-slide av-d0dtg-b46483c20e2f665ee3bf7f16a6a1f111__1  slide-2 slide-even'><div data-rel='slideshow-1' class='avia-slide-wrap '   ><div class='av-slideshow-caption av-d0dtg-b46483c20e2f665ee3bf7f16a6a1f111__1 caption_fullwidth caption_bottom caption_bottom_framed caption_framed'><div class=\"container caption_container\"><div class=\"slideshow_caption\"><div class=\"slideshow_inner_caption\"><div class=\"slideshow_align_caption\"><h2 class='avia-caption-title '  itemprop=\"name\" >Alufenster<\/h2><\/div><\/div><\/div><\/div><\/div><img fetchpriority=\"high\" class=\"wp-image-33 avia-img-lazy-loading-not-33\"  src='https:\/\/www.kreische-metallbau.at\/start\/wp-content\/uploads\/2017\/05\/Haarwerk_DSC_0045_1500x500px-1500x430.jpg' width='1500' height='430' title='' alt=''  itemprop=\"thumbnailUrl\"   \/><\/div><\/li><li  class='avia-slideshow-slide av-d0dtg-b46483c20e2f665ee3bf7f16a6a1f111__2  slide-3 slide-odd'><div data-rel='slideshow-1' class='avia-slide-wrap '   ><div class='av-slideshow-caption av-d0dtg-b46483c20e2f665ee3bf7f16a6a1f111__2 caption_fullwidth caption_bottom caption_bottom_framed caption_framed'><div class=\"container caption_container\"><div class=\"slideshow_caption\"><div class=\"slideshow_inner_caption\"><div class=\"slideshow_align_caption\"><h2 class='avia-caption-title '  itemprop=\"name\" >Alut\u00fcren und \u2013portale<\/h2><\/div><\/div><\/div><\/div><\/div><img fetchpriority=\"high\" class=\"wp-image-29 avia-img-lazy-loading-not-29\"  src='https:\/\/www.kreische-metallbau.at\/start\/wp-content\/uploads\/2017\/05\/Wartberg_DSC_1374_1500x500px-1500x430.jpg' width='1500' height='430' title='' alt=''  itemprop=\"thumbnailUrl\"   \/><\/div><\/li><li  class='avia-slideshow-slide av-d0dtg-b46483c20e2f665ee3bf7f16a6a1f111__3  slide-4 slide-even'><div data-rel='slideshow-1' class='avia-slide-wrap '   ><div class='av-slideshow-caption av-d0dtg-b46483c20e2f665ee3bf7f16a6a1f111__3 caption_fullwidth caption_bottom caption_bottom_framed caption_framed'><div class=\"container caption_container\"><div class=\"slideshow_caption\"><div class=\"slideshow_inner_caption\"><div class=\"slideshow_align_caption\"><h2 class='avia-caption-title '  itemprop=\"name\" >Fenster und Alu-Hebe-Schiebe-Elemente<\/h2><\/div><\/div><\/div><\/div><\/div><img fetchpriority=\"high\" class=\"wp-image-30 avia-img-lazy-loading-not-30\"  src='https:\/\/www.kreische-metallbau.at\/start\/wp-content\/uploads\/2017\/05\/Wartberg_DSC_1353_1500x500px-1500x430.jpg' width='1500' height='430' title='' alt=''  itemprop=\"thumbnailUrl\"   \/><\/div><\/li><li  class='avia-slideshow-slide av-d0dtg-b46483c20e2f665ee3bf7f16a6a1f111__4  slide-5 slide-odd'><div data-rel='slideshow-1' class='avia-slide-wrap '   ><div class='av-slideshow-caption av-d0dtg-b46483c20e2f665ee3bf7f16a6a1f111__4 caption_fullwidth caption_bottom caption_bottom_framed caption_framed'><div class=\"container caption_container\"><div class=\"slideshow_caption\"><div class=\"slideshow_inner_caption\"><div class=\"slideshow_align_caption\"><h2 class='avia-caption-title '  itemprop=\"name\" >Alu-Hebe-Schiebe-Elemente<\/h2><\/div><\/div><\/div><\/div><\/div><img fetchpriority=\"high\" class=\"wp-image-31 avia-img-lazy-loading-not-31\"  src='https:\/\/www.kreische-metallbau.at\/start\/wp-content\/uploads\/2017\/05\/Steinbauer78_15_06_15_qiaizqbhuquzbga_1500x500px-1500x430.jpg' width='1500' height='430' title='' alt=''  itemprop=\"thumbnailUrl\"   \/><\/div><\/li><li  class='avia-slideshow-slide av-d0dtg-b46483c20e2f665ee3bf7f16a6a1f111__5  slide-6 slide-even'><div data-rel='slideshow-1' class='avia-slide-wrap '   ><div class='av-slideshow-caption av-d0dtg-b46483c20e2f665ee3bf7f16a6a1f111__5 caption_fullwidth caption_bottom caption_bottom_framed caption_framed'><div class=\"container caption_container\"><div class=\"slideshow_caption\"><div class=\"slideshow_inner_caption\"><div class=\"slideshow_align_caption\"><h2 class='avia-caption-title '  itemprop=\"name\" >Sonderkonstruktionen, zB. Sichtschutzlamellen<\/h2><\/div><\/div><\/div><\/div><\/div><img fetchpriority=\"high\" class=\"wp-image-32 avia-img-lazy-loading-not-32\"  src='https:\/\/www.kreische-metallbau.at\/start\/wp-content\/uploads\/2017\/05\/281_15_09_07_bloqgugatxfycrm_1500x500-1500x430.jpg' width='1500' height='430' title='' alt=''  itemprop=\"thumbnailUrl\"   \/><\/div><\/li><\/ul><div class='avia-slideshow-arrows avia-slideshow-controls' ><a href='#prev' class='prev-slide  avia-svg-icon avia-font-svg_entypo-fontello' data-av_svg_icon='left-open-big' data-av_iconset='svg_entypo-fontello' tabindex='-1' title=\"Zur\u00fcck\"><svg version=\"1.1\" xmlns=\"http:\/\/www.w3.org\/2000\/svg\" width=\"15\" height=\"32\" viewBox=\"0 0 15 32\" preserveAspectRatio=\"xMidYMid meet\" aria-labelledby='av-svg-title-1' aria-describedby='av-svg-desc-1' role=\"graphics-symbol\" aria-hidden=\"true\">\n<title id='av-svg-title-1'>Zur\u00fcck<\/title>\n<desc id='av-svg-desc-1'>Zur\u00fcck<\/desc>\n<path d=\"M14.464 27.84q0.832 0.832 0 1.536-0.832 0.832-1.536 0l-12.544-12.608q-0.768-0.768 0-1.6l12.544-12.608q0.704-0.832 1.536 0 0.832 0.704 0 1.536l-11.456 11.904z\"><\/path>\n<\/svg><span class='avia_hidden_link_text'>Zur\u00fcck<\/span><\/a><a href='#next' class='next-slide  avia-svg-icon avia-font-svg_entypo-fontello' data-av_svg_icon='right-open-big' data-av_iconset='svg_entypo-fontello' tabindex='-1' title=\"Weiter\"><svg version=\"1.1\" xmlns=\"http:\/\/www.w3.org\/2000\/svg\" width=\"15\" height=\"32\" viewBox=\"0 0 15 32\" preserveAspectRatio=\"xMidYMid meet\" aria-labelledby='av-svg-title-2' aria-describedby='av-svg-desc-2' role=\"graphics-symbol\" aria-hidden=\"true\">\n<title id='av-svg-title-2'>Weiter<\/title>\n<desc id='av-svg-desc-2'>Weiter<\/desc>\n<path d=\"M0.416 27.84l11.456-11.84-11.456-11.904q-0.832-0.832 0-1.536 0.832-0.832 1.536 0l12.544 12.608q0.768 0.832 0 1.6l-12.544 12.608q-0.704 0.832-1.536 0-0.832-0.704 0-1.536z\"><\/path>\n<\/svg><span class='avia_hidden_link_text'>Weiter<\/span><\/a><\/div><div class='avia-slideshow-dots avia-slideshow-controls'><a href='#1' class='goto-slide active' >1<\/a><a href='#2' class='goto-slide ' >2<\/a><a href='#3' class='goto-slide ' >3<\/a><a href='#4' class='goto-slide ' >4<\/a><a href='#5' class='goto-slide ' >5<\/a><a href='#6' class='goto-slide ' >6<\/a><\/div><\/div><\/div><div id='after_full_slider_1'  class='main_color av_default_container_wrap container_wrap sidebar_right'  ><div class='container av-section-cont-open' ><div class='template-page content  av-content-small alpha units'><div class='post-entry post-entry-type-page post-entry-16'><div class='entry-content-wrapper clearfix'>\n\n<style type=\"text\/css\" data-created_by=\"avia_inline_auto\" id=\"style-css-av-299h4-023106dab3443369383a49a4cfbe0106\">\n.flex_column.av-299h4-023106dab3443369383a49a4cfbe0106{\nborder-radius:0px 0px 0px 0px;\npadding:0px 0px 0px 0px;\n}\n<\/style>\n<div  class='flex_column av-299h4-023106dab3443369383a49a4cfbe0106 av_one_half  avia-builder-el-1  el_after_av_slideshow_full  el_before_av_one_half  avia-builder-el-first  first flex_column_div av-zero-column-padding  '     ><style type=\"text\/css\" data-created_by=\"avia_inline_auto\" id=\"style-css-av-l8k4km7c-be938de4930d0da45edabb52bf83f10e\">\n.avia-image-container.av-l8k4km7c-be938de4930d0da45edabb52bf83f10e img.avia_image{\nbox-shadow:none;\n}\n.avia-image-container.av-l8k4km7c-be938de4930d0da45edabb52bf83f10e .av-image-caption-overlay-center{\ncolor:#ffffff;\n}\n<\/style>\n<div  class='avia-image-container av-l8k4km7c-be938de4930d0da45edabb52bf83f10e av-styling- avia-align-center  avia-builder-el-2  avia-builder-el-no-sibling '   itemprop=\"image\" itemscope=\"itemscope\" itemtype=\"https:\/\/schema.org\/ImageObject\" ><div class=\"avia-image-container-inner\"><div class=\"avia-image-overlay-wrap\"><img fetchpriority=\"high\" class='wp-image-345 avia-img-lazy-loading-not-345 avia_image ' src='https:\/\/www.kreische-metallbau.at\/start\/wp-content\/uploads\/2022\/09\/Belegschaft.jpg' alt='' title='Belegschaft'  height=\"800\" width=\"1200\"  itemprop=\"thumbnailUrl\"  \/><\/div><\/div><\/div><\/div>\n\n<style type=\"text\/css\" data-created_by=\"avia_inline_auto\" id=\"style-css-av-299h4-1-0e64211992c81cd6f311c0303c2e2b22\">\n.flex_column.av-299h4-1-0e64211992c81cd6f311c0303c2e2b22{\nborder-radius:0px 0px 0px 0px;\npadding:0px 0px 0px 0px;\n}\n<\/style>\n<div  class='flex_column av-299h4-1-0e64211992c81cd6f311c0303c2e2b22 av_one_half  avia-builder-el-3  el_after_av_one_half  el_before_av_hr  flex_column_div av-zero-column-padding  '     ><section  class='av_textblock_section av-l8k45khc-bc51affcb99ae286f48de1f60da5d531 '   itemscope=\"itemscope\" itemtype=\"https:\/\/schema.org\/CreativeWork\" ><div class='avia_textblock'  itemprop=\"text\" ><h1>Time to say goodbye<\/h1>\n<h4>die Zeit ist jetzt gekommen, um uns zu verabschieden.<\/h4>\n<hr \/>\n<p>Diesen Schritt zu gehen und die Entscheidung zur Betriebsaufl\u00f6sung schlie\u00dflich zu treffen, ist uns unendlich schwer gefallen. Die g\u00e4nzlich fehlenden Perspektiven in Hinsicht auf Mitarbeiternachwuchs haben letztlich den Ausschlag gegeben. Schwersten Herzens und mit ganz viel Wehmut schlie\u00dfen wir den Betrieb Kreische Metallbau nach fast <strong>45 Jahren<\/strong>.<\/p>\n<p>Wir danken aus tiefstem Herzen unseren Kunden und allen Architekten und Planern f\u00fcr die jahrzehntelange beste und erfolgreiche Zusammenarbeit. Danke, dass wir in Ihrem Auftrag, so unz\u00e4hlig viele spezielle und innovative Projekte realisieren durften \u2013 dies erf\u00fcllt uns nachhaltig mit Stolz.<\/p>\n<p>Wir haben mit l\u00f6sungsorientierten und verl\u00e4sslichen Lieferanten und Beratern zusammengearbeitet \u2013 auch Ihnen allen ein gro\u00dfes Dankesch\u00f6n.<\/p>\n<p>Freunde und Familie \u2013 ohne Euren R\u00fcckhalt h\u00e4tte es nie funktioniert. <strong>Danke!<\/strong><\/p>\n<p>Die Loyalit\u00e4t, den Willen und die Bereitschaft gemeinsame Ziele zu erreichen, hartes Arbeiten, gro\u00dfes Fachwissen und das pragmatische Denken und Tun unserer langj\u00e4hrigen Mitarbeiter (von rechts nach links: Teo Metac, Daniel Kreische, Daniel Eichert) sch\u00e4tzen wir unendlich hoch. Ohne Euren Einsatz w\u00e4re so vieles \u00fcberhaupt nicht m\u00f6glich gewesen. Wir sind stolz mit so gro\u00dfartigen Menschen unsere Auftr\u00e4ge abgewickelt zu haben.<\/p>\n<p>Danke an alle f\u00fcr alles! Alles Gute und auf Wiedersehen!<\/p>\n<p><strong>Konrad Kreische<\/strong> und <strong>Elisabeth Fuchs-Kreische<\/strong><br \/>\nRegau, im September 2022<\/p>\n<\/div><\/section><\/div><div  class='hr av-trm8-cd96679551c4155f3d09fb27014c48c9 hr-default  avia-builder-el-5  el_after_av_one_half  el_before_av_one_third '><span class='hr-inner '><span class=\"hr-inner-style\"><\/span><\/span><\/div><\/p>\n\n<style type=\"text\/css\" data-created_by=\"avia_inline_auto\" id=\"style-css-av-8r808-d62fbd19c2ab8d51453e34f13857fa0b\">\n.flex_column.av-8r808-d62fbd19c2ab8d51453e34f13857fa0b{\nborder-radius:0px 0px 0px 0px;\npadding:0px 0px 0px 0px;\n}\n<\/style>\n<div  class='flex_column av-8r808-d62fbd19c2ab8d51453e34f13857fa0b av_one_third  avia-builder-el-6  el_after_av_hr  el_before_av_two_third  first flex_column_div av-zero-column-padding  '     ><section  class='av_textblock_section av-tbyc-0425937474cd6e667ac16cce04bc7e93 '   itemscope=\"itemscope\" itemtype=\"https:\/\/schema.org\/CreativeWork\" ><div class='avia_textblock'  itemprop=\"text\" ><h3><strong>Kreische Metallbau<\/strong><\/h3>\n<p>Pucheggerstrasse 8,<br \/>\n4844 Regau<br \/>\nTel.: 07672 24207,<br \/>\n<a href=\"mailto:office@kreische-metallbau.at\">office@kreische-metallbau.at<\/a><\/p>\n<\/div><\/section><\/div>\n\n<style type=\"text\/css\" data-created_by=\"avia_inline_auto\" id=\"style-css-av-qn9s-b8acb7c5129f2177c6dc9e4906000e5b\">\n.flex_column.av-qn9s-b8acb7c5129f2177c6dc9e4906000e5b{\nborder-radius:0px 0px 0px 0px;\npadding:0px 0px 0px 0px;\n}\n<\/style>\n<div  class='flex_column av-qn9s-b8acb7c5129f2177c6dc9e4906000e5b av_two_third  avia-builder-el-8  el_after_av_one_third  el_before_av_hr  flex_column_div av-zero-column-padding  '     ><section  class='av_textblock_section av-6miw8-8f3d75823f6a2a03a5bf9aa076330b43 '   itemscope=\"itemscope\" itemtype=\"https:\/\/schema.org\/CreativeWork\" ><div class='avia_textblock'  itemprop=\"text\" ><h4>Wir fertigen und montieren Fenster, T\u00fcren, Portale, Glas-Fassaden, Hebe-Schiebe-Elemente, Brandschutz (EI30) &#8211; und Rauchschutz (E30) -Elemente aus Aluminium.<\/h4>\n<p>Unser Aluminiumprofile-Partner ist die Firma HEROAL<a href=\"https:\/\/www.heroal.de\/de\/themen\/aluminium\/\" target=\"_blank\" rel=\"noopener noreferrer\"><img loading=\"lazy\" decoding=\"async\" class=\"alignright wp-image-28\" src=\"https:\/\/www.kreische-metallbau.at\/start\/wp-content\/uploads\/2017\/05\/heroal_Logo-300x113.jpg\" alt=\"\" width=\"200\" height=\"75\" srcset=\"https:\/\/www.kreische-metallbau.at\/start\/wp-content\/uploads\/2017\/05\/heroal_Logo-300x113.jpg 300w, https:\/\/www.kreische-metallbau.at\/start\/wp-content\/uploads\/2017\/05\/heroal_Logo-768x288.jpg 768w, https:\/\/www.kreische-metallbau.at\/start\/wp-content\/uploads\/2017\/05\/heroal_Logo-705x264.jpg 705w, https:\/\/www.kreische-metallbau.at\/start\/wp-content\/uploads\/2017\/05\/heroal_Logo-845x321.jpg 845w, https:\/\/www.kreische-metallbau.at\/start\/wp-content\/uploads\/2017\/05\/heroal_Logo-450x169.jpg 450w, https:\/\/www.kreische-metallbau.at\/start\/wp-content\/uploads\/2017\/05\/heroal_Logo.jpg 1000w\" sizes=\"auto, (max-width: 200px) 100vw, 200px\" \/><\/a><\/p>\n<\/div><\/section><\/div>\n<div  class='hr av-65qvs-65f9500280320cd2c164041323fae1bf hr-default  avia-builder-el-10  el_after_av_two_third  el_before_av_one_third '><span class='hr-inner '><span class=\"hr-inner-style\"><\/span><\/span><\/div>\n\n<style type=\"text\/css\" data-created_by=\"avia_inline_auto\" id=\"style-css-av-5qf14-f9320a4393962106d180b376f1f001d1\">\n.flex_column.av-5qf14-f9320a4393962106d180b376f1f001d1{\nborder-radius:0px 0px 0px 0px;\npadding:0px 0px 0px 0px;\n}\n<\/style>\n<div  class='flex_column av-5qf14-f9320a4393962106d180b376f1f001d1 av_one_third  avia-builder-el-11  el_after_av_hr  el_before_av_one_third  first flex_column_div av-zero-column-padding  '     ><p>\n<style type=\"text\/css\" data-created_by=\"avia_inline_auto\" id=\"style-css-av-52phc-353d6755a26a8cf99546a629b7760df1\">\n.avia-image-container.av-52phc-353d6755a26a8cf99546a629b7760df1 img.avia_image{\nbox-shadow:none;\n}\n.avia-image-container.av-52phc-353d6755a26a8cf99546a629b7760df1 .av-caption-image-overlay-bg{\nopacity:0.4;\nbackground-color:#000000;\n}\n.avia-image-container.av-52phc-353d6755a26a8cf99546a629b7760df1 .av-image-caption-overlay-center{\ncolor:#ffffff;\n}\n<\/style>\n<div  class='avia-image-container av-52phc-353d6755a26a8cf99546a629b7760df1 av-styling- av-img-linked avia-align-center  avia-builder-el-12  el_before_av_textblock  avia-builder-el-first  noHover av-overlay-on-hover'   itemprop=\"image\" itemscope=\"itemscope\" itemtype=\"https:\/\/schema.org\/ImageObject\" ><div class=\"avia-image-container-inner\"><div class=\"avia-image-overlay-wrap\"><a href=\"https:\/\/www.kreische-metallbau.at\/start\/privatbauten\/\" class='avia_image '  ><div class=\"av-image-caption-overlay\"><div class=\"av-caption-image-overlay-bg\"><\/div><div class=\"av-image-caption-overlay-position\"><div class=\"av-image-caption-overlay-center\"><p>Privatbauten<\/p>\n<\/div><\/div><\/div><img fetchpriority=\"high\" class='wp-image-41 avia-img-lazy-loading-not-41 avia_image ' src='https:\/\/www.kreische-metallbau.at\/start\/wp-content\/uploads\/2017\/05\/KMKR-2010_11_11_14_smewmyqcnnqvhqw.jpg' alt='' title=''  height=\"438\" width=\"652\"  itemprop=\"thumbnailUrl\"  \/><\/a><\/div><\/div><\/div><br \/>\n<section  class='av_textblock_section av-4q5s8-7cb87c36074fd0eba5284b09beff0543 '   itemscope=\"itemscope\" itemtype=\"https:\/\/schema.org\/CreativeWork\" ><div class='avia_textblock'  itemprop=\"text\" ><p style=\"text-align: right;\">Privatbauten<\/p>\n<\/div><\/section><\/p><\/div>\n\n<style type=\"text\/css\" data-created_by=\"avia_inline_auto\" id=\"style-css-av-3v6co-104bbbbc3c919fed8de625a98c5a1445\">\n.flex_column.av-3v6co-104bbbbc3c919fed8de625a98c5a1445{\nborder-radius:0px 0px 0px 0px;\npadding:0px 0px 0px 0px;\n}\n<\/style>\n<div  class='flex_column av-3v6co-104bbbbc3c919fed8de625a98c5a1445 av_one_third  avia-builder-el-14  el_after_av_one_third  el_before_av_one_third  flex_column_div av-zero-column-padding  '     ><p>\n<style type=\"text\/css\" data-created_by=\"avia_inline_auto\" id=\"style-css-av-3ix2k-7e60f2e04a7d9a178d64161061d040a4\">\n.avia-image-container.av-3ix2k-7e60f2e04a7d9a178d64161061d040a4 img.avia_image{\nbox-shadow:none;\n}\n.avia-image-container.av-3ix2k-7e60f2e04a7d9a178d64161061d040a4 .av-caption-image-overlay-bg{\nopacity:0.4;\nbackground-color:#000000;\n}\n.avia-image-container.av-3ix2k-7e60f2e04a7d9a178d64161061d040a4 .av-image-caption-overlay-center{\ncolor:#ffffff;\n}\n<\/style>\n<div  class='avia-image-container av-3ix2k-7e60f2e04a7d9a178d64161061d040a4 av-styling- av-img-linked avia-align-center  avia-builder-el-15  el_before_av_textblock  avia-builder-el-first  noHover av-overlay-on-hover'   itemprop=\"image\" itemscope=\"itemscope\" itemtype=\"https:\/\/schema.org\/ImageObject\" ><div class=\"avia-image-container-inner\"><div class=\"avia-image-overlay-wrap\"><a href=\"https:\/\/www.kreische-metallbau.at\/start\/oeffentliche-bauten\/\" class='avia_image '  ><div class=\"av-image-caption-overlay\"><div class=\"av-caption-image-overlay-bg\"><\/div><div class=\"av-image-caption-overlay-position\"><div class=\"av-image-caption-overlay-center\"><p>\u00d6ffentliche Bauten<\/p>\n<\/div><\/div><\/div><img fetchpriority=\"high\" class='wp-image-42 avia-img-lazy-loading-not-42 avia_image ' src='https:\/\/www.kreische-metallbau.at\/start\/wp-content\/uploads\/2017\/05\/Gemeindeamt-St-Stefan_11_11_15_hldfjegizpzfaee.jpg' alt='' title=''  height=\"438\" width=\"652\"  itemprop=\"thumbnailUrl\"  \/><\/a><\/div><\/div><\/div><br \/>\n<section  class='av_textblock_section av-9vkg-438e9081064bb6594360579c996c10d6 '   itemscope=\"itemscope\" itemtype=\"https:\/\/schema.org\/CreativeWork\" ><div class='avia_textblock'  itemprop=\"text\" ><p style=\"text-align: right;\">\u00d6ffentliche Bauten<\/p>\n<\/div><\/section><\/p><\/div>\n\n<style type=\"text\/css\" data-created_by=\"avia_inline_auto\" id=\"style-css-av-6z3c-97ff791b931060c73876e67688d958ed\">\n.flex_column.av-6z3c-97ff791b931060c73876e67688d958ed{\nborder-radius:0px 0px 0px 0px;\npadding:0px 0px 0px 0px;\n}\n<\/style>\n<div  class='flex_column av-6z3c-97ff791b931060c73876e67688d958ed av_one_third  avia-builder-el-17  el_after_av_one_third  avia-builder-el-last  flex_column_div av-zero-column-padding  '     ><p>\n<style type=\"text\/css\" data-created_by=\"avia_inline_auto\" id=\"style-css-av-5rq8-119c2660932df23f3bb9b4ea3e512f3d\">\n.avia-image-container.av-5rq8-119c2660932df23f3bb9b4ea3e512f3d img.avia_image{\nbox-shadow:none;\n}\n.avia-image-container.av-5rq8-119c2660932df23f3bb9b4ea3e512f3d .av-caption-image-overlay-bg{\nopacity:0.4;\nbackground-color:#000000;\n}\n.avia-image-container.av-5rq8-119c2660932df23f3bb9b4ea3e512f3d .av-image-caption-overlay-center{\ncolor:#ffffff;\n}\n<\/style>\n<div  class='avia-image-container av-5rq8-119c2660932df23f3bb9b4ea3e512f3d av-styling- av-img-linked avia-align-center  avia-builder-el-18  el_before_av_textblock  avia-builder-el-first  noHover av-overlay-on-hover'   itemprop=\"image\" itemscope=\"itemscope\" itemtype=\"https:\/\/schema.org\/ImageObject\" ><div class=\"avia-image-container-inner\"><div class=\"avia-image-overlay-wrap\"><a href=\"https:\/\/www.kreische-metallbau.at\/start\/gewerbliche-bauten\/\" class='avia_image '  ><div class=\"av-image-caption-overlay\"><div class=\"av-caption-image-overlay-bg\"><\/div><div class=\"av-image-caption-overlay-position\"><div class=\"av-image-caption-overlay-center\"><p>Gewerbliche Bauten<\/p>\n<\/div><\/div><\/div><img fetchpriority=\"high\" class='wp-image-43 avia-img-lazy-loading-not-43 avia_image ' src='https:\/\/www.kreische-metallbau.at\/start\/wp-content\/uploads\/2017\/05\/Steinbauer78_15_06_15_vnyryhzmwvxkvdw.jpg' alt='' title=''  height=\"438\" width=\"652\"  itemprop=\"thumbnailUrl\"  \/><\/a><\/div><\/div><\/div><br \/>\n<section  class='av_textblock_section av-qjew-b76be13907d739faa10cbcd62b7e8f31 '   itemscope=\"itemscope\" itemtype=\"https:\/\/schema.org\/CreativeWork\" ><div class='avia_textblock'  itemprop=\"text\" ><p style=\"text-align: right;\">Gewerbliche Bauten<\/p>\n<\/div><\/section><\/p><\/div>\n","protected":false},"excerpt":{"rendered":"","protected":false},"author":1,"featured_media":0,"parent":0,"menu_order":0,"comment_status":"closed","ping_status":"closed","template":"","meta":{"footnotes":""},"class_list":["post-16","page","type-page","status-publish","hentry"],"_links":{"self":[{"href":"https:\/\/www.kreische-metallbau.at\/start\/wp-json\/wp\/v2\/pages\/16","targetHints":{"allow":["GET"]}}],"collection":[{"href":"https:\/\/www.kreische-metallbau.at\/start\/wp-json\/wp\/v2\/pages"}],"about":[{"href":"https:\/\/www.kreische-metallbau.at\/start\/wp-json\/wp\/v2\/types\/page"}],"author":[{"embeddable":true,"href":"https:\/\/www.kreische-metallbau.at\/start\/wp-json\/wp\/v2\/users\/1"}],"replies":[{"embeddable":true,"href":"https:\/\/www.kreische-metallbau.at\/start\/wp-json\/wp\/v2\/comments?post=16"}],"version-history":[{"count":31,"href":"https:\/\/www.kreische-metallbau.at\/start\/wp-json\/wp\/v2\/pages\/16\/revisions"}],"predecessor-version":[{"id":370,"href":"https:\/\/www.kreische-metallbau.at\/start\/wp-json\/wp\/v2\/pages\/16\/revisions\/370"}],"wp:attachment":[{"href":"https:\/\/www.kreische-metallbau.at\/start\/wp-json\/wp\/v2\/media?parent=16"}],"curies":[{"name":"wp","href":"https:\/\/api.w.org\/{rel}","templated":true}]}}